{"id":69,"date":"2018-10-20T09:18:02","date_gmt":"2018-10-20T09:18:02","guid":{"rendered":"http:\/\/website.mueller-automatenbetriebe.de\/?page_id=69"},"modified":"2018-10-20T09:18:02","modified_gmt":"2018-10-20T09:18:02","slug":"datenschutzerklaerung","status":"publish","type":"page","link":"http:\/\/website.mueller-automatenbetriebe.de\/?page_id=69","title":{"rendered":"Datenschutzerkl\u00e4rung"},"content":{"rendered":"<p><span style=\"font-size: 25px; color: #666666;\">Datenschutzerkl\u00e4rung<\/span><\/p>\n<div class=\"s3-t s3-t0\">\n<h3>Allgemeiner Hinweis und Pflichtinformationen<\/h3>\n<h3>Benennung der verantwortlichen Stelle<\/h3>\n<p>Die verantwortliche Stelle f\u00fcr die Datenverarbeitung auf dieser Website ist:<\/p>\n<p>M\u00fcller-Automatenbetriebe e.K.<br \/>\nFirmeninhaber: Marion Annies-M\u00fcller<br \/>\nHoltweg 63<br \/>\n41379 Br\u00fcggen-Bracht<\/p>\n<p>Die verantwortliche Stelle entscheidet allein oder gemeinsam mit anderen \u00fcber die Zwecke und Mittel der Verarbeitung von personenbezogenen Daten (z.B. Namen, Kontaktdaten o. \u00c4.).<\/p>\n<h3>Widerruf Ihrer Einwilligung zur Datenverarbeitung<\/h3>\n<p>Nur mit Ihrer ausdr\u00fccklichen Einwilligung sind einige Vorg\u00e4nge der Datenverarbeitung m\u00f6glich. Ein Widerruf Ihrer bereits erteilten Einwilligung ist jederzeit m\u00f6glich. F\u00fcr den Widerruf gen\u00fcgt eine formlose Mitteilung per E-Mail. Die Rechtm\u00e4\u00dfigkeit der bis zum Widerruf erfolgten Datenverarbeitung bleibt vom Widerruf unber\u00fchrt.<\/p>\n<h3>Recht auf Beschwerde bei der zust\u00e4ndigen Aufsichtsbeh\u00f6rde<\/h3>\n<p>Als Betroffener steht Ihnen im Falle eines datenschutzrechtlichen Versto\u00dfes ein Beschwerderecht bei der zust\u00e4ndigen Aufsichtsbeh\u00f6rde zu. Zust\u00e4ndige Aufsichtsbeh\u00f6rde bez\u00fcglich datenschutzrechtlicher Fragen ist der Landesdatenschutzbeauftragte des Bundeslandes, in dem sich der Sitz unseres Unternehmens befindet. Der folgende Link stellt eine Liste der Datenschutzbeauftragten sowie deren Kontaktdaten bereit:\u00a0<a href=\"https:\/\/www.bfdi.bund.de\/DE\/Infothek\/Anschriften_Links\/anschriften_links-node.html\" target=\"_blank\" rel=\"noopener\">https:\/\/www.bfdi.bund.de\/DE\/Infothek\/Anschriften_Links\/anschriften_links-node.html<\/a>.<\/p>\n<h3>Recht auf Daten\u00fcbertragbarkeit<\/h3>\n<p>Ihnen steht das Recht zu, Daten, die wir auf Grundlage Ihrer Einwilligung oder in Erf\u00fcllung eines Vertrags automatisiert verarbeiten, an sich oder an Dritte aush\u00e4ndigen zu lassen. Die Bereitstellung erfolgt in einem maschinenlesbaren Format. Sofern Sie die direkte \u00dcbertragung der Daten an einen anderen Verantwortlichen verlangen, erfolgt dies nur, soweit es technisch machbar ist.<\/p>\n<h3>Recht auf Auskunft, Berichtigung, Sperrung, L\u00f6schung<\/h3>\n<p>Sie haben jederzeit im Rahmen der geltenden gesetzlichen Bestimmungen das Recht auf unentgeltliche Auskunft \u00fcber Ihre gespeicherten personenbezogenen Daten, Herkunft der Daten, deren Empf\u00e4nger und den Zweck der Datenverarbeitung und ggf. ein Recht auf Berichtigung, Sperrung oder L\u00f6schung dieser Daten. Diesbez\u00fcglich und auch zu weiteren Fragen zum Thema personenbezogene Daten k\u00f6nnen Sie sich jederzeit \u00fcber die im Impressum aufgef\u00fchrten Kontaktm\u00f6glichkeiten an uns wenden.<\/p>\n<h3>SSL- bzw. TLS-Verschl\u00fcsselung<\/h3>\n<p>Aus Sicherheitsgr\u00fcnden und zum Schutz der \u00dcbertragung vertraulicher Inhalte, die Sie an uns als Seitenbetreiber senden, nutzt unsere Website eine SSL-bzw. TLS-Verschl\u00fcsselung. Damit sind Daten, die Sie \u00fcber diese Website \u00fcbermitteln, f\u00fcr Dritte nicht mitlesbar. Sie erkennen eine verschl\u00fcsselte Verbindung an der \u201ehttps:\/\/\u201c Adresszeile Ihres Browsers und am Schloss-Symbol in der Browserzeile.<\/p>\n<\/div>\n<div class=\"s3-t s3-t2\">\n<h3>Server-Log-Dateien<\/h3>\n<p>In Server-Log-Dateien erhebt und speichert der Provider der Website automatisch Informationen, die Ihr Browser automatisch an uns \u00fcbermittelt. Dies sind:<\/p>\n<ul>\n<li>Besuchte Seite auf unserer Domain<\/li>\n<li>Datum und Uhrzeit der Serveranfrage<\/li>\n<li>Browsertyp und Browserversion<\/li>\n<li>Verwendetes Betriebssystem<\/li>\n<li>Referrer URL<\/li>\n<li>Hostname des zugreifenden Rechners<\/li>\n<li>IP-Adresse<\/li>\n<\/ul>\n<p>Es findet keine Zusammenf\u00fchrung dieser Daten mit anderen Datenquellen statt. Grundlage der Datenverarbeitung bildet Art. 6 Abs. 1 lit. b DSGVO, der die Verarbeitung von Daten zur Erf\u00fcllung eines Vertrags oder vorvertraglicher Ma\u00dfnahmen gestattet.<\/p>\n<\/div>\n<div class=\"s3-t s3-t5\">\n<h3>Kontaktformular<\/h3>\n<p>Per Kontaktformular \u00fcbermittelte Daten werden einschlie\u00dflich Ihrer Kontaktdaten gespeichert, um Ihre Anfrage bearbeiten zu k\u00f6nnen oder um f\u00fcr Anschlussfragen bereitzustehen. Eine Weitergabe dieser Daten findet ohne Ihre Einwilligung nicht statt.<\/p>\n<p>Die Verarbeitung der in das Kontaktformular eingegebenen Daten erfolgt ausschlie\u00dflich auf Grundlage Ihrer Einwilligung (Art. 6 Abs. 1 lit. a DSGVO). Ein Widerruf Ihrer bereits erteilten Einwilligung ist jederzeit m\u00f6glich. F\u00fcr den Widerruf gen\u00fcgt eine formlose Mitteilung per E-Mail. Die Rechtm\u00e4\u00dfigkeit der bis zum Widerruf erfolgten Datenverarbeitungsvorg\u00e4nge bleibt vom Widerruf unber\u00fchrt.<\/p>\n<p>\u00dcber das Kontaktformular \u00fcbermittelte Daten verbleiben bei uns, bis Sie uns zur L\u00f6schung auffordern, Ihre Einwilligung zur Speicherung widerrufen oder keine Notwendigkeit der Datenspeicherung mehr besteht. Zwingende gesetzliche Bestimmungen &#8211; insbesondere Aufbewahrungsfristen &#8211; bleiben unber\u00fchrt.<\/p>\n<\/div>\n<div class=\"s3-t s3-t12\">\n<h3>Cookies<\/h3>\n<p>Unsere Website verwendet Cookies. Das sind kleine Textdateien, die Ihr Webbrowser auf Ihrem Endger\u00e4t speichert. Cookies helfen uns dabei, unser Angebot nutzerfreundlicher, effektiver und sicherer zu machen.<\/p>\n<p>Einige Cookies sind \u201cSession-Cookies.\u201d Solche Cookies werden nach Ende Ihrer Browser-Sitzung von selbst gel\u00f6scht. Hingegen bleiben andere Cookies auf Ihrem Endger\u00e4t bestehen, bis Sie diese selbst l\u00f6schen. Solche Cookies helfen uns, Sie bei R\u00fcckkehr auf unserer Website wiederzuerkennen.<\/p>\n<p>Mit einem modernen Webbrowser k\u00f6nnen Sie das Setzen von Cookies \u00fcberwachen, einschr\u00e4nken oder unterbinden. Viele Webbrowser lassen sich so konfigurieren, dass Cookies mit dem Schlie\u00dfen des Programms von selbst gel\u00f6scht werden. Die Deaktivierung von Cookies kann eine eingeschr\u00e4nkte Funktionalit\u00e4t unserer Website zur Folge haben.<\/p>\n<p>Das Setzen von Cookies, die zur Aus\u00fcbung elektronischer Kommunikationsvorg\u00e4nge oder der Bereitstellung bestimmter, von Ihnen erw\u00fcnschter Funktionen (z.B. Warenkorb) notwendig sind, erfolgt auf Grundlage von Art. 6 Abs. 1 lit. f DSGVO. Als Betreiber dieser Website haben wir ein berechtigtes Interesse an der Speicherung von Cookies zur technisch fehlerfreien und reibungslosen Bereitstellung unserer Dienste. Sofern die Setzung anderer Cookies (z.B. f\u00fcr Analyse-Funktionen) erfolgt, werden diese in dieser Datenschutzerkl\u00e4rung separat behandelt.<\/p>\n<\/div>\n<div class=\"s3-t s3-t23\">\n<h3>Google AdWords und Google Conversion-Tracking<\/h3>\n<p>Unsere Website verwendet Google AdWords. Anbieter ist die Google Inc., 1600 Amphitheatre Parkway, Mountain View, CA 94043, United States.<\/p>\n<p>AdWords ist ein Online-Werbeprogramm. Im Rahmen des Online-Werbeprogramms arbeiten wir mit Conversion-Tracking. Nach einem Klick auf eine von Google geschaltete Anzeige wird ein Cookie f\u00fcr das Conversion-Tracking gesetzt. Cookies sind kleine Textdateien, die Ihr Webbrowser auf Ihrem Endger\u00e4t speichert. Google AdWords Cookies verlieren nach 30 Tagen ihre G\u00fcltigkeit und dienen nicht der pers\u00f6nlichen Identifizierung der Nutzer. Am Cookie k\u00f6nnen Google und wir erkennen, dass Sie auf eine Anzeige geklickt haben und zu unserer Website weitergeleitet wurden.<\/p>\n<p>Jeder Google AdWords-Kunde erh\u00e4lt ein anderes Cookie. Die Cookies sind nicht \u00fcber Websites von AdWords-Kunden nachverfolgbar. Mit Conversion-Cookies werden Conversion-Statistiken f\u00fcr AdWords-Kunden, die Conversion-Tracking einsetzen, erstellt. Adwords-Kunden erfahren wie viele Nutzer auf ihre Anzeige geklickt haben und auf Seiten mit Conversion-Tracking-Tag weitergeleitet wurden. AdWords-Kunden erhalten jedoch keine Informationen, die eine pers\u00f6nliche Identifikation der Nutzer erm\u00f6glichen. Wenn Sie nicht am Tracking teilnehmen m\u00f6chten, k\u00f6nnen Sie einer Nutzung widersprechen. Hier ist das Conversion-Cookie in den Nutzereinstellungen des Browsers zu deaktivieren. So findet auch keine Aufnahme in die Conversion-Tracking Statistiken statt.<\/p>\n<p>Die Speicherung von \u201cConversion-Cookies\u201d erfolgt auf Grundlage von Art. 6 Abs. 1 lit. f DSGVO. Wir als Websitebetreiber haben ein berechtigtes Interesse an der Analyse des Nutzerverhaltens, um unser Webangebot und unsere Werbung zu optimieren.<\/p>\n<p>Einzelheiten zu Google AdWords und Google Conversion-Tracking finden Sie in den Datenschutzbestimmungen von Google:\u00a0<a href=\"https:\/\/www.google.de\/policies\/privacy\/\">https:\/\/www.google.de\/policies\/privacy\/<\/a>.<\/p>\n<p>Mit einem modernen Webbrowser k\u00f6nnen Sie das Setzen von Cookies \u00fcberwachen, einschr\u00e4nken oder unterbinden. Die Deaktivierung von Cookies kann eine eingeschr\u00e4nkte Funktionalit\u00e4t unserer Website zur Folge haben.<\/p>\n<\/div>\n<div class=\"s3-t s3-t0\">\n<p><small>Quelle: Datenschutz-Konfigurator von\u00a0<a href=\"http:\/\/www.mein-datenschutzbeauftragter.de\/\" target=\"_blank\" rel=\"noopener\">mein-datenschutzbeauftragter.de<\/a><\/small><\/p>\n<\/div>\n","protected":false},"excerpt":{"rendered":"<p>Datenschutzerkl\u00e4rung Allgemeiner Hinweis und Pflichtinformationen Benennung der verantwortlichen Stelle Die verantwortliche Stelle f\u00fcr die Datenverarbeitung auf dieser Website ist: M\u00fcller-Automatenbetriebe e.K. Firmeninhaber: Marion Annies-M\u00fcller Holtweg 63 41379 Br\u00fcggen-Bracht Die verantwortliche Stelle entscheidet allein oder gemeinsam mit anderen \u00fcber die Zwecke und Mittel der Verarbeitung von personenbezogenen Daten (z.B. Namen, Kontaktdaten o. \u00c4.). Widerruf Ihrer Einwilligung &hellip; <\/p>\n<p class=\"link-more\"><a href=\"http:\/\/website.mueller-automatenbetriebe.de\/?page_id=69\" class=\"more-link\"><span class=\"screen-reader-text\">\u201eDatenschutzerkl\u00e4rung\u201c<\/span> weiterlesen<\/a><\/p>\n","protected":false},"author":1,"featured_media":0,"parent":0,"menu_order":0,"comment_status":"closed","ping_status":"closed","template":"","meta":[],"_links":{"self":[{"href":"http:\/\/website.mueller-automatenbetriebe.de\/index.php?rest_route=\/wp\/v2\/pages\/69"}],"collection":[{"href":"http:\/\/website.mueller-automatenbetriebe.de\/index.php?rest_route=\/wp\/v2\/pages"}],"about":[{"href":"http:\/\/website.mueller-automatenbetriebe.de\/index.php?rest_route=\/wp\/v2\/types\/page"}],"author":[{"embeddable":true,"href":"http:\/\/website.mueller-automatenbetriebe.de\/index.php?rest_route=\/wp\/v2\/users\/1"}],"replies":[{"embeddable":true,"href":"http:\/\/website.mueller-automatenbetriebe.de\/index.php?rest_route=%2Fwp%2Fv2%2Fcomments&post=69"}],"version-history":[{"count":3,"href":"http:\/\/website.mueller-automatenbetriebe.de\/index.php?rest_route=\/wp\/v2\/pages\/69\/revisions"}],"predecessor-version":[{"id":72,"href":"http:\/\/website.mueller-automatenbetriebe.de\/index.php?rest_route=\/wp\/v2\/pages\/69\/revisions\/72"}],"wp:attachment":[{"href":"http:\/\/website.mueller-automatenbetriebe.de\/index.php?rest_route=%2Fwp%2Fv2%2Fmedia&parent=69"}],"curies":[{"name":"wp","href":"https:\/\/api.w.org\/{rel}","templated":true}]}}