{"id":188,"date":"2019-10-19T10:02:03","date_gmt":"2019-10-19T10:02:03","guid":{"rendered":"http:\/\/website.mueller-automatenbetriebe.de\/?page_id=188"},"modified":"2019-10-19T13:14:41","modified_gmt":"2019-10-19T13:14:41","slug":"immer-die-neueste-technik","status":"publish","type":"page","link":"http:\/\/website.mueller-automatenbetriebe.de\/?page_id=188","title":{"rendered":"Immer die neueste Technik"},"content":{"rendered":"\n<p>Wir stellen ihnen stets aktuelle Modelle zur Verf\u00fcgung. Unter anderem im Portofolio sind die aktuelle Kaffeeautomaten von de JONG Duke oder Steigler f\u00fcr besten Genuss und Bedienkomfort. Als Beispiel bieten wir die modernen Vollautomaten der Nio-Serie (11,3) oder Cino IC Proffesionale-Serie.<\/p>\n\n\n\n<h2>de JONG Duke Nio-Serie<\/h2>\n\n\n\n<figure class=\"wp-block-image\"><img decoding=\"async\" loading=\"lazy\" width=\"720\" height=\"480\" src=\"http:\/\/website.mueller-automatenbetriebe.de\/wp-content\/uploads\/2019\/10\/NIO_LOKATIE_kantine-720x480-a77df86b-8991-4c8f-acc1-50f09d07d997.jpg\" alt=\"\" class=\"wp-image-190\" srcset=\"http:\/\/website.mueller-automatenbetriebe.de\/wp-content\/uploads\/2019\/10\/NIO_LOKATIE_kantine-720x480-a77df86b-8991-4c8f-acc1-50f09d07d997.jpg 720w, http:\/\/website.mueller-automatenbetriebe.de\/wp-content\/uploads\/2019\/10\/NIO_LOKATIE_kantine-720x480-a77df86b-8991-4c8f-acc1-50f09d07d997-300x200.jpg 300w\" sizes=\"(max-width: 720px) 100vw, 720px\" \/><figcaption>Nio-Serie<\/figcaption><\/figure>\n\n\n\n<div class=\"wp-block-image\"><figure class=\"alignright is-resized\"><img decoding=\"async\" loading=\"lazy\" src=\"http:\/\/website.mueller-automatenbetriebe.de\/wp-content\/uploads\/2019\/10\/Nio_20.2_left_birds_eye_view_with_cappuccino-720x668-63d38b9c-d9a1-43b3-9fc1-83af7f5c565e.jpg\" alt=\"\" class=\"wp-image-189\" width=\"280\" height=\"260\" srcset=\"http:\/\/website.mueller-automatenbetriebe.de\/wp-content\/uploads\/2019\/10\/Nio_20.2_left_birds_eye_view_with_cappuccino-720x668-63d38b9c-d9a1-43b3-9fc1-83af7f5c565e.jpg 720w, http:\/\/website.mueller-automatenbetriebe.de\/wp-content\/uploads\/2019\/10\/Nio_20.2_left_birds_eye_view_with_cappuccino-720x668-63d38b9c-d9a1-43b3-9fc1-83af7f5c565e-300x278.jpg 300w\" sizes=\"(max-width: 280px) 100vw, 280px\" \/><figcaption>Nio-Serie<\/figcaption><\/figure><\/div>\n\n\n\n<p>12+ Produktvarianten, auch koffeinfrei, \u00fcber ein intuitives farbiges, mehrsprachiges Touchdisplay. Eine schnelle Bereitschaft, sowie hohe Bediensicherheit f\u00fcr ihren Mitarbeiter oder Kunde, dank u.a. der modernen Bechersensoren sind nur ein paar Merkmale dieser Ger\u00e4te.<\/p>\n\n\n\n<h2>Steigler Cino-Serie<\/h2>\n\n\n\n<div class=\"wp-block-image\"><figure class=\"alignleft is-resized\"><img decoding=\"async\" loading=\"lazy\" src=\"http:\/\/website.mueller-automatenbetriebe.de\/wp-content\/uploads\/2019\/10\/Servomat-Steigler-Cino-iC-Plus-PB-Kaffeevollautom_1.jpg\" alt=\"\" class=\"wp-image-191\" width=\"310\" height=\"310\" srcset=\"http:\/\/website.mueller-automatenbetriebe.de\/wp-content\/uploads\/2019\/10\/Servomat-Steigler-Cino-iC-Plus-PB-Kaffeevollautom_1.jpg 600w, http:\/\/website.mueller-automatenbetriebe.de\/wp-content\/uploads\/2019\/10\/Servomat-Steigler-Cino-iC-Plus-PB-Kaffeevollautom_1-150x150.jpg 150w, http:\/\/website.mueller-automatenbetriebe.de\/wp-content\/uploads\/2019\/10\/Servomat-Steigler-Cino-iC-Plus-PB-Kaffeevollautom_1-300x300.jpg 300w, http:\/\/website.mueller-automatenbetriebe.de\/wp-content\/uploads\/2019\/10\/Servomat-Steigler-Cino-iC-Plus-PB-Kaffeevollautom_1-100x100.jpg 100w\" sizes=\"(max-width: 310px) 100vw, 310px\" \/><figcaption>Cino-Serie<\/figcaption><\/figure><\/div>\n\n\n\n<p>Kaffeevollautomaten der  Cino-Serie sind ebenfalls kompakte Tischger\u00e4te die wir gerne anbieten.  Die Servomat Steigler Cino IC ist mit frisch gemahlener Bohne und 2 Produktbeh\u00e4lter f\u00fcr Milchpulver und Schokolade ausgestattet. <\/p>\n\n\n\n<p>Produkte \u00fcber 10\u00a0Direktwahlm\u00f6glichkeiten, Kaffeespezialit\u00e4ten in Espressobar-Qualit\u00e4t abrufen. Ganze Bohnen, frisch gemahlen mit 92 \u00b0C aufgebr\u00fcht und 9 bar Druck gefiltert, zaubert Cino die feinste Crema.  <\/p>\n","protected":false},"excerpt":{"rendered":"<p>Wir stellen ihnen stets aktuelle Modelle zur Verf\u00fcgung. Unter anderem im Portofolio sind die aktuelle Kaffeeautomaten von de JONG Duke oder Steigler f\u00fcr besten Genuss und Bedienkomfort. Als Beispiel bieten wir die modernen Vollautomaten der Nio-Serie (11,3) oder Cino IC Proffesionale-Serie. de JONG Duke Nio-Serie 12+ Produktvarianten, auch koffeinfrei, \u00fcber ein intuitives farbiges, mehrsprachiges Touchdisplay. &hellip; <\/p>\n<p class=\"link-more\"><a href=\"http:\/\/website.mueller-automatenbetriebe.de\/?page_id=188\" class=\"more-link\"><span class=\"screen-reader-text\">\u201eImmer die neueste Technik\u201c<\/span> weiterlesen<\/a><\/p>\n","protected":false},"author":1,"featured_media":0,"parent":17,"menu_order":2,"comment_status":"closed","ping_status":"closed","template":"","meta":[],"_links":{"self":[{"href":"http:\/\/website.mueller-automatenbetriebe.de\/index.php?rest_route=\/wp\/v2\/pages\/188"}],"collection":[{"href":"http:\/\/website.mueller-automatenbetriebe.de\/index.php?rest_route=\/wp\/v2\/pages"}],"about":[{"href":"http:\/\/website.mueller-automatenbetriebe.de\/index.php?rest_route=\/wp\/v2\/types\/page"}],"author":[{"embeddable":true,"href":"http:\/\/website.mueller-automatenbetriebe.de\/index.php?rest_route=\/wp\/v2\/users\/1"}],"replies":[{"embeddable":true,"href":"http:\/\/website.mueller-automatenbetriebe.de\/index.php?rest_route=%2Fwp%2Fv2%2Fcomments&post=188"}],"version-history":[{"count":7,"href":"http:\/\/website.mueller-automatenbetriebe.de\/index.php?rest_route=\/wp\/v2\/pages\/188\/revisions"}],"predecessor-version":[{"id":213,"href":"http:\/\/website.mueller-automatenbetriebe.de\/index.php?rest_route=\/wp\/v2\/pages\/188\/revisions\/213"}],"up":[{"embeddable":true,"href":"http:\/\/website.mueller-automatenbetriebe.de\/index.php?rest_route=\/wp\/v2\/pages\/17"}],"wp:attachment":[{"href":"http:\/\/website.mueller-automatenbetriebe.de\/index.php?rest_route=%2Fwp%2Fv2%2Fmedia&parent=188"}],"curies":[{"name":"wp","href":"https:\/\/api.w.org\/{rel}","templated":true}]}}