{"id":17,"date":"2018-04-14T09:31:45","date_gmt":"2018-04-14T09:31:45","guid":{"rendered":"http:\/\/website.mueller-automatenbetriebe.de\/?page_id=17"},"modified":"2019-10-19T12:59:44","modified_gmt":"2019-10-19T12:59:44","slug":"leistungskatalog","status":"publish","type":"page","link":"http:\/\/website.mueller-automatenbetriebe.de\/?page_id=17","title":{"rendered":"Unsere Leistungen"},"content":{"rendered":"<p>Wir bieten Ihnen als Full-Service Anbieter die komplette Bandbreite an Unterst\u00fctzung, die Sie f\u00fcr die erfolgreiche Versorgung ihrer Mitarbeiter, Kunden oder Besucher ben\u00f6tigen.<br \/>Von der Bedarfsermittlung, dem Aufstellort, der Wartung, Pflege und Bef\u00fcllung stehen wir Ihnen jederzeit als Partner zur Seite.<\/p>\n<p>Durch die Zusammenarbeit mit renommierter Automatenhersteller verf\u00fcgen wir \u00fcber ein breites Sortiment verschiedenster Verkaufsautomaten, von kompakten\u00a0Tischger\u00e4ten\u00a0bis zu gro\u00dfen leistungsstarken\u00a0Standger\u00e4ten,\u00a0ganz nach Ihren W\u00fcnschen oder Bed\u00fcrfnissen.<\/p>\n<p><span style=\"font-size: 1rem;\">Dar\u00fcber hinaus erg\u00e4nzen wir unser Angebot mit Kaltgetr\u00e4nkeautomaten und Snackautomaten.\u00a0<\/span><span style=\"font-size: 1rem;\">Als kompetenter Partner f\u00fcr Pfandr\u00fccknahmesysteme stehen wir an Ihrem Standort ebenfalls zur Verf\u00fcgung.<\/span><\/p>\n\n\n<figure class=\"wp-block-image\"><img decoding=\"async\" loading=\"lazy\" width=\"1024\" height=\"745\" src=\"http:\/\/website.mueller-automatenbetriebe.de\/wp-content\/uploads\/2019\/10\/IMG_20191019_134954-1024x745.jpg\" alt=\"\" class=\"wp-image-201\" srcset=\"http:\/\/website.mueller-automatenbetriebe.de\/wp-content\/uploads\/2019\/10\/IMG_20191019_134954-1024x745.jpg 1024w, http:\/\/website.mueller-automatenbetriebe.de\/wp-content\/uploads\/2019\/10\/IMG_20191019_134954-300x218.jpg 300w, http:\/\/website.mueller-automatenbetriebe.de\/wp-content\/uploads\/2019\/10\/IMG_20191019_134954-768x559.jpg 768w\" sizes=\"(max-width: 767px) 89vw, (max-width: 1000px) 54vw, (max-width: 1071px) 543px, 580px\" \/><figcaption>Beispielkonfiguration von Verkaufsautomaten bei einem Kunden<\/figcaption><\/figure>\n\n\n\n<h3>Unser Service Vor-Ort &#8211; f\u00fcr den zufriedenen und wiederkehrenden Kunden<\/h3>\n\n\n\n<ul><li>&#8222;Kaffee-Sorglos-Paket&#8220;<\/li><li>Kaffeeautomaten<\/li><li>Snackautomaten<\/li><li>Kaltgetr\u00e4nkeautomanten<\/li><li>Stand-Kombiger\u00e4te<\/li><li>Pfandr\u00fccknahmesysteme<\/li><\/ul>\n\n\n\n<h3>F\u00fcr ihr Unternehmen &#8211; Mitarbeiterversorgung und Betriebsverpflegung<\/h3>\n\n\n\n<ul><li>Rundum-Versorgung ihrer Mitarbeiter<\/li><li>Bedarfsgerechtes Konzept f\u00fcr Ihr Unternehmen<\/li><li>Kaffee-, Snack- und Kaltgetr\u00e4nkeautomaten<\/li><li>Bef\u00fcllung, Reinigung und Wartung<\/li><li>Fernwartung und Monitoring durch unseren Service<br>\nF\u00fcr das B\u00fcro &#8211; Die genussvolle Pause zwischendurch\n<\/li><\/ul>\n\n\n\n<h3>F\u00fcr das B\u00fcro &#8211; Die genussvolle Pause zwischendurch<\/h3>\n\n\n\n<ul><li>Kompakte und flexibel aufstellbare Tischger\u00e4te<\/li><li>Jede Tasse in sekundenschnelle frisch Zubereitet<\/li><li>Spezialit\u00e4ten-Kaffeemaschinen (z.B. Espresso, Cappuccino, etc)<\/li><li>Filterkaffeemaschinen (Betriebsbereit in wenigen Augenblicken)<\/li><\/ul>\n","protected":false},"excerpt":{"rendered":"<p>Wir bieten Ihnen als Full-Service Anbieter die komplette Bandbreite an Unterst\u00fctzung, die Sie f\u00fcr die erfolgreiche Versorgung ihrer Mitarbeiter, Kunden oder Besucher ben\u00f6tigen.Von der Bedarfsermittlung, dem Aufstellort, der Wartung, Pflege und Bef\u00fcllung stehen wir Ihnen jederzeit als Partner zur Seite. Durch die Zusammenarbeit mit renommierter Automatenhersteller verf\u00fcgen wir \u00fcber ein breites Sortiment verschiedenster Verkaufsautomaten, von &hellip; <\/p>\n<p class=\"link-more\"><a href=\"http:\/\/website.mueller-automatenbetriebe.de\/?page_id=17\" class=\"more-link\"><span class=\"screen-reader-text\">\u201eUnsere Leistungen\u201c<\/span> weiterlesen<\/a><\/p>\n","protected":false},"author":1,"featured_media":0,"parent":0,"menu_order":0,"comment_status":"closed","ping_status":"closed","template":"","meta":[],"_links":{"self":[{"href":"http:\/\/website.mueller-automatenbetriebe.de\/index.php?rest_route=\/wp\/v2\/pages\/17"}],"collection":[{"href":"http:\/\/website.mueller-automatenbetriebe.de\/index.php?rest_route=\/wp\/v2\/pages"}],"about":[{"href":"http:\/\/website.mueller-automatenbetriebe.de\/index.php?rest_route=\/wp\/v2\/types\/page"}],"author":[{"embeddable":true,"href":"http:\/\/website.mueller-automatenbetriebe.de\/index.php?rest_route=\/wp\/v2\/users\/1"}],"replies":[{"embeddable":true,"href":"http:\/\/website.mueller-automatenbetriebe.de\/index.php?rest_route=%2Fwp%2Fv2%2Fcomments&post=17"}],"version-history":[{"count":23,"href":"http:\/\/website.mueller-automatenbetriebe.de\/index.php?rest_route=\/wp\/v2\/pages\/17\/revisions"}],"predecessor-version":[{"id":210,"href":"http:\/\/website.mueller-automatenbetriebe.de\/index.php?rest_route=\/wp\/v2\/pages\/17\/revisions\/210"}],"wp:attachment":[{"href":"http:\/\/website.mueller-automatenbetriebe.de\/index.php?rest_route=%2Fwp%2Fv2%2Fmedia&parent=17"}],"curies":[{"name":"wp","href":"https:\/\/api.w.org\/{rel}","templated":true}]}}