{"id":119,"date":"2019-03-16T10:46:27","date_gmt":"2019-03-16T10:46:27","guid":{"rendered":"http:\/\/website.mueller-automatenbetriebe.de\/?page_id=119"},"modified":"2019-10-19T13:01:18","modified_gmt":"2019-10-19T13:01:18","slug":"amenta-kaffee-aus-leidenschaft","status":"publish","type":"page","link":"http:\/\/website.mueller-automatenbetriebe.de\/?page_id=119","title":{"rendered":"Amenta &#8211; Kaffee aus Leidenschaft"},"content":{"rendered":"\n<h2>Die Starke Marke aus unserem Hause.<\/h2>\n\n\n\n<div class=\"wp-block-image\"><figure class=\"alignleft is-resized\"><img decoding=\"async\" loading=\"lazy\" src=\"http:\/\/website.mueller-automatenbetriebe.de\/wp-content\/uploads\/2019\/03\/Amenta-Logo-1.png\" alt=\"\" class=\"wp-image-144\" width=\"123\" height=\"115\" srcset=\"http:\/\/website.mueller-automatenbetriebe.de\/wp-content\/uploads\/2019\/03\/Amenta-Logo-1.png 493w, http:\/\/website.mueller-automatenbetriebe.de\/wp-content\/uploads\/2019\/03\/Amenta-Logo-1-300x279.png 300w\" sizes=\"(max-width: 123px) 100vw, 123px\" \/><\/figure><\/div>\n\n\n\n<p>\u00dcberzeugen Sie sich von unseren hochwertigen Vendingprodukten und profitieren Sie von \u00fcberragendem Geschmack.<br>Amenta bietet ein exklusives Sortiment verschiedener Produkte in bester Gastronomie Qualit\u00e4t.<\/p>\n\n\n\n<p style=\"text-align:left\">Unter anderem:<br>&#8211; Amenta Crema Sch\u00fcmli Bohnenkaffee<br>&#8211; Amenta Premium Expresso<br>&#8211; Amenta Trinkschokolade<br>&#8211; Amenta Topping  <\/p>\n\n\n\n<ul class=\"is-layout-flex wp-block-gallery-1 wp-block-gallery columns-2 is-cropped\"><li class=\"blocks-gallery-item\"><figure><img decoding=\"async\" loading=\"lazy\" width=\"768\" height=\"1024\" src=\"http:\/\/website.mueller-automatenbetriebe.de\/wp-content\/uploads\/2019\/10\/IMG_20191019_143159-768x1024.jpg\" alt=\"\" data-id=\"203\" data-link=\"http:\/\/website.mueller-automatenbetriebe.de\/?attachment_id=203\" class=\"wp-image-203\" srcset=\"http:\/\/website.mueller-automatenbetriebe.de\/wp-content\/uploads\/2019\/10\/IMG_20191019_143159-768x1024.jpg 768w, http:\/\/website.mueller-automatenbetriebe.de\/wp-content\/uploads\/2019\/10\/IMG_20191019_143159-225x300.jpg 225w, http:\/\/website.mueller-automatenbetriebe.de\/wp-content\/uploads\/2019\/10\/IMG_20191019_143159.jpg 2015w\" sizes=\"(max-width: 767px) 89vw, (max-width: 1000px) 54vw, (max-width: 1071px) 543px, 580px\" \/><figcaption>Amenta Crema Sch\u00fcmli Bohnenkaffee<\/figcaption><\/figure><\/li><li class=\"blocks-gallery-item\"><figure><img decoding=\"async\" loading=\"lazy\" width=\"768\" height=\"1024\" src=\"http:\/\/website.mueller-automatenbetriebe.de\/wp-content\/uploads\/2019\/10\/IMG_20191019_143458-768x1024.jpg\" alt=\"\" data-id=\"206\" data-link=\"http:\/\/website.mueller-automatenbetriebe.de\/?attachment_id=206\" class=\"wp-image-206\" srcset=\"http:\/\/website.mueller-automatenbetriebe.de\/wp-content\/uploads\/2019\/10\/IMG_20191019_143458-768x1024.jpg 768w, http:\/\/website.mueller-automatenbetriebe.de\/wp-content\/uploads\/2019\/10\/IMG_20191019_143458-225x300.jpg 225w\" sizes=\"(max-width: 767px) 89vw, (max-width: 1000px) 54vw, (max-width: 1071px) 543px, 580px\" \/><figcaption>Amenta Premium Expresso<\/figcaption><\/figure><\/li><li class=\"blocks-gallery-item\"><figure><img decoding=\"async\" loading=\"lazy\" width=\"768\" height=\"1024\" src=\"http:\/\/website.mueller-automatenbetriebe.de\/wp-content\/uploads\/2019\/10\/IMG_20191019_143310-768x1024.jpg\" alt=\"\" data-id=\"204\" data-link=\"http:\/\/website.mueller-automatenbetriebe.de\/?attachment_id=204\" class=\"wp-image-204\" srcset=\"http:\/\/website.mueller-automatenbetriebe.de\/wp-content\/uploads\/2019\/10\/IMG_20191019_143310-768x1024.jpg 768w, http:\/\/website.mueller-automatenbetriebe.de\/wp-content\/uploads\/2019\/10\/IMG_20191019_143310-225x300.jpg 225w\" sizes=\"(max-width: 767px) 89vw, (max-width: 1000px) 54vw, (max-width: 1071px) 543px, 580px\" \/><figcaption>Amenta Trinkschokolade<\/figcaption><\/figure><\/li><li class=\"blocks-gallery-item\"><figure><img decoding=\"async\" loading=\"lazy\" width=\"683\" height=\"1024\" src=\"http:\/\/website.mueller-automatenbetriebe.de\/wp-content\/uploads\/2019\/10\/IMG_20191019_143407-683x1024.jpg\" alt=\"\" data-id=\"205\" data-link=\"http:\/\/website.mueller-automatenbetriebe.de\/?attachment_id=205\" class=\"wp-image-205\" srcset=\"http:\/\/website.mueller-automatenbetriebe.de\/wp-content\/uploads\/2019\/10\/IMG_20191019_143407-683x1024.jpg 683w, http:\/\/website.mueller-automatenbetriebe.de\/wp-content\/uploads\/2019\/10\/IMG_20191019_143407-200x300.jpg 200w, http:\/\/website.mueller-automatenbetriebe.de\/wp-content\/uploads\/2019\/10\/IMG_20191019_143407-768x1152.jpg 768w\" sizes=\"(max-width: 683px) 100vw, 683px\" \/><figcaption>Amenta Topping<\/figcaption><\/figure><\/li><\/ul>\n","protected":false},"excerpt":{"rendered":"<p>Die Starke Marke aus unserem Hause. \u00dcberzeugen Sie sich von unseren hochwertigen Vendingprodukten und profitieren Sie von \u00fcberragendem Geschmack.Amenta bietet ein exklusives Sortiment verschiedener Produkte in bester Gastronomie Qualit\u00e4t. Unter anderem:&#8211; Amenta Crema Sch\u00fcmli Bohnenkaffee&#8211; Amenta Premium Expresso&#8211; Amenta Trinkschokolade&#8211; Amenta Topping<\/p>\n","protected":false},"author":1,"featured_media":0,"parent":17,"menu_order":0,"comment_status":"closed","ping_status":"closed","template":"","meta":[],"_links":{"self":[{"href":"http:\/\/website.mueller-automatenbetriebe.de\/index.php?rest_route=\/wp\/v2\/pages\/119"}],"collection":[{"href":"http:\/\/website.mueller-automatenbetriebe.de\/index.php?rest_route=\/wp\/v2\/pages"}],"about":[{"href":"http:\/\/website.mueller-automatenbetriebe.de\/index.php?rest_route=\/wp\/v2\/types\/page"}],"author":[{"embeddable":true,"href":"http:\/\/website.mueller-automatenbetriebe.de\/index.php?rest_route=\/wp\/v2\/users\/1"}],"replies":[{"embeddable":true,"href":"http:\/\/website.mueller-automatenbetriebe.de\/index.php?rest_route=%2Fwp%2Fv2%2Fcomments&post=119"}],"version-history":[{"count":14,"href":"http:\/\/website.mueller-automatenbetriebe.de\/index.php?rest_route=\/wp\/v2\/pages\/119\/revisions"}],"predecessor-version":[{"id":211,"href":"http:\/\/website.mueller-automatenbetriebe.de\/index.php?rest_route=\/wp\/v2\/pages\/119\/revisions\/211"}],"up":[{"embeddable":true,"href":"http:\/\/website.mueller-automatenbetriebe.de\/index.php?rest_route=\/wp\/v2\/pages\/17"}],"wp:attachment":[{"href":"http:\/\/website.mueller-automatenbetriebe.de\/index.php?rest_route=%2Fwp%2Fv2%2Fmedia&parent=119"}],"curies":[{"name":"wp","href":"https:\/\/api.w.org\/{rel}","templated":true}]}}