{"id":117,"date":"2019-03-16T10:46:37","date_gmt":"2019-03-16T10:46:37","guid":{"rendered":"http:\/\/website.mueller-automatenbetriebe.de\/?page_id=117"},"modified":"2026-03-13T10:57:55","modified_gmt":"2026-03-13T10:57:55","slug":"vermietung-verkauf","status":"publish","type":"page","link":"http:\/\/website.mueller-automatenbetriebe.de\/?page_id=117","title":{"rendered":"Kaffee-Sorglos \/ Vermietung \/ Verkauf"},"content":{"rendered":"<p>Die Anschaffung einer Spezialit\u00e4ten Kaffeemaschine f\u00fcr das B\u00fcro oder eines Getr\u00e4nke- und Snackautomaten f\u00fcr den Pausenbereich, ist eine kostenintensive Angelegenheit.<br \/>\nGefolgt von laufenden Kosten wie Wartung, Pflege und Beschaffung der Produkte. Eine Mitarbeiterin oder einen Mitarbeiter daf\u00fcr abzustellen l\u00e4sst die Kosten schnell in die H\u00f6he schnellen!<\/p>\n<h3>Hier kommen wir ins Spiel! &#8211;<\/h3>\n<p>Ihre W\u00fcnsche, Analyse des Bedarfs und die M\u00f6glichkeiten vor Ort, werden von uns bedacht und von einem Mitarbeiter in einem pers\u00f6nlichen Gespr\u00e4ch erarbeitet. So erstellen wir Ihnen das bestm\u00f6gliche Angebot.<\/p>\n<p>So kann auch f\u00fcr Sie, unser &#8222;Rundum-Sorglos-Paket&#8220; &#8211; unser Pausenpoint im Vollservice eine gute Wahl sein. Bei diesem Model k\u00f6nnen Sie sogar noch einen Benefit erhalten.<\/p>\n<p>Zu welcher Variante sich sich auch entscheiden werden, auf folgende Punkte k\u00f6nnen Sie sich immer verlassen.<\/p>\n<p style=\"padding-left: 30px;\">\u25ba Telefonischer Support bei Fehlermeldungen<br \/>\n\u25ba Pflege und Wartung vor Ort, durch st\u00e4ndig geschultes Personal<br \/>\n\u25ba 24-Stunden Service<br \/>\n\u25ba Fernwartung und Diagnostik (Ger\u00e4te abh\u00e4ngig)<\/p>\n<p><img decoding=\"async\" loading=\"lazy\" class=\"\" src=\"http:\/\/website.mueller-automatenbetriebe.de\/wp-content\/uploads\/2018\/04\/LuceX2-front-black-614x1024.jpg\" width=\"153\" height=\"256\"><\/p>\n<p>Sprechen Sie uns an:&nbsp;<a href=\"http:\/\/website.mueller-automatenbetriebe.de\/?page_id=39\">Kontaktformular<\/a><\/p>\n","protected":false},"excerpt":{"rendered":"<p>Die Anschaffung einer Spezialit\u00e4ten Kaffeemaschine f\u00fcr das B\u00fcro oder eines Getr\u00e4nke- und Snackautomaten f\u00fcr den Pausenbereich, ist eine kostenintensive Angelegenheit. Gefolgt von laufenden Kosten wie Wartung, Pflege und Beschaffung der Produkte. Eine Mitarbeiterin oder einen Mitarbeiter daf\u00fcr abzustellen l\u00e4sst die Kosten schnell in die H\u00f6he schnellen! Hier kommen wir ins Spiel! &#8211; Ihre W\u00fcnsche, Analyse &hellip; <\/p>\n<p class=\"link-more\"><a href=\"http:\/\/website.mueller-automatenbetriebe.de\/?page_id=117\" class=\"more-link\"><span class=\"screen-reader-text\">\u201eKaffee-Sorglos \/ Vermietung \/ Verkauf\u201c<\/span> weiterlesen<\/a><\/p>\n","protected":false},"author":1,"featured_media":37,"parent":17,"menu_order":0,"comment_status":"closed","ping_status":"closed","template":"","meta":[],"_links":{"self":[{"href":"http:\/\/website.mueller-automatenbetriebe.de\/index.php?rest_route=\/wp\/v2\/pages\/117"}],"collection":[{"href":"http:\/\/website.mueller-automatenbetriebe.de\/index.php?rest_route=\/wp\/v2\/pages"}],"about":[{"href":"http:\/\/website.mueller-automatenbetriebe.de\/index.php?rest_route=\/wp\/v2\/types\/page"}],"author":[{"embeddable":true,"href":"http:\/\/website.mueller-automatenbetriebe.de\/index.php?rest_route=\/wp\/v2\/users\/1"}],"replies":[{"embeddable":true,"href":"http:\/\/website.mueller-automatenbetriebe.de\/index.php?rest_route=%2Fwp%2Fv2%2Fcomments&post=117"}],"version-history":[{"count":16,"href":"http:\/\/website.mueller-automatenbetriebe.de\/index.php?rest_route=\/wp\/v2\/pages\/117\/revisions"}],"predecessor-version":[{"id":221,"href":"http:\/\/website.mueller-automatenbetriebe.de\/index.php?rest_route=\/wp\/v2\/pages\/117\/revisions\/221"}],"up":[{"embeddable":true,"href":"http:\/\/website.mueller-automatenbetriebe.de\/index.php?rest_route=\/wp\/v2\/pages\/17"}],"wp:featuredmedia":[{"embeddable":true,"href":"http:\/\/website.mueller-automatenbetriebe.de\/index.php?rest_route=\/wp\/v2\/media\/37"}],"wp:attachment":[{"href":"http:\/\/website.mueller-automatenbetriebe.de\/index.php?rest_route=%2Fwp%2Fv2%2Fmedia&parent=117"}],"curies":[{"name":"wp","href":"https:\/\/api.w.org\/{rel}","templated":true}]}}